{"id":73,"date":"2020-03-30T16:27:43","date_gmt":"2020-03-30T14:27:43","guid":{"rendered":"https:\/\/primealture.oltrepoacasatua.it\/?page_id=73"},"modified":"2020-12-21T16:46:52","modified_gmt":"2020-12-21T15:46:52","slug":"vini-bertelegni_naturalmente-bio","status":"publish","type":"page","link":"https:\/\/bertelegni.oltrepoacasatua.it\/index.php\/vini-bertelegni_naturalmente-bio\/","title":{"rendered":"Cantine Bertelegni: Naturalmente BIO"},"content":{"rendered":"<p>[vc_row][vc_column][vc_custom_heading text=&#8221;Vini Cantine Bertelegni: Naturalmente Bio&#8221; font_container=&#8221;tag:h1|text_align:center|color:%23dd3333&#8243; use_theme_fonts=&#8221;yes&#8221;][\/vc_column][vc_column css=&#8221;.vc_custom_1608505200795{background-position: center !important;background-repeat: no-repeat !important;background-size: cover !important;}&#8221;][vc_column_text]<\/p>\n<p style=\"text-align: center;\"><em><strong>BIOLOGICO: UNA SCELTA ETICA, UNO STILE DI VITA.<\/strong><\/em><\/p>\n<p><img decoding=\"async\" loading=\"lazy\" class=\"size-medium wp-image-666 aligncenter\" src=\"https:\/\/cantinebertelegni.oltrepoacasatua.it\/wp-content\/uploads\/2020\/12\/bios-300x113.jpeg\" alt=\"\" width=\"300\" height=\"113\" srcset=\"https:\/\/bertelegni.oltrepoacasatua.it\/wp-content\/uploads\/2020\/12\/bios-300x113.jpeg 300w, https:\/\/bertelegni.oltrepoacasatua.it\/wp-content\/uploads\/2020\/12\/bios-1024x385.jpeg 1024w, https:\/\/bertelegni.oltrepoacasatua.it\/wp-content\/uploads\/2020\/12\/bios-768x289.jpeg 768w, https:\/\/bertelegni.oltrepoacasatua.it\/wp-content\/uploads\/2020\/12\/bios-370x139.jpeg 370w, https:\/\/bertelegni.oltrepoacasatua.it\/wp-content\/uploads\/2020\/12\/bios-600x225.jpeg 600w, https:\/\/bertelegni.oltrepoacasatua.it\/wp-content\/uploads\/2020\/12\/bios.jpeg 1400w\" sizes=\"(max-width: 300px) 100vw, 300px\" \/><\/p>\n<p style=\"text-align: justify;\"><strong>Perch\u00e9 produrre vini &#8220;biologici&#8221; e non &#8220;tradizionali&#8221;?<\/strong> Semplice, perch\u00e9 i nostri vini li beviamo anche noi e siamo fermamente convinti che ci\u00f2 che non c&#8217;\u00e8, non pu\u00f2 nuocere. Se nei terreni, sulle foglie, sui grappoli, non irroriamo sostanze chimiche, queste non potranno essere trasmesse all&#8217;organismo di chi beve i nostri vini, noi per primi.<\/p>\n<p style=\"text-align: justify;\"><strong>Inoltre cos\u00ec facendo salvaguardiamo e proteggiamo l&#8217;ambiente, garantendo un futuro sano e pulito ai nostri figli.<\/strong><\/p>\n<p style=\"text-align: justify;\">Nei nostri vigneti, fin dai primi impianti agli inizi del &#8216;900, si \u00e8 sempre lavorato in armonia con la natura, con i suoi tempi e ritmi. Siamo &#8220;<strong>naturalmente biologici<\/strong>&#8221; da sempre.<\/p>\n<p style=\"text-align: justify;\">Negli anni scorsi abbiamo richiesto, ed ottenuto subito, la <strong>certificazione BIO di legge<\/strong>, per certificare l&#8217;azienda ed i vigneti. Controlli continui ed analisi di terreno e piante svolti dal maggior ente nazionale di certificazione, a maggior tutela e garanzia sia nostra che dei nostri vini. Dalla vendemmia 2021, le nostre etichette si fregeranno della fogliolina verde che certifica anche il vino biologico!<\/p>\n<p style=\"text-align: center;\"><em><strong>VINI CANTINE BERTELEGNI, NATURALMENTE BIOLOGICI<\/strong><\/em><\/p>\n<p>\u00a0[\/vc_column_text][vc_message message_box_style=&#8221;outline&#8221; message_box_color=&#8221;pink&#8221; icon_fontawesome=&#8221;fas fa-bell&#8221;]<strong>Perch\u00e9 l&#8217;Oltrep\u00f2 Pavese \u00e8 la prima zona di produzione dei Vini della Lombardia e la pi\u00f9 antica<\/strong>[\/vc_message][\/vc_column][\/vc_row]<\/p>\n","protected":false},"excerpt":{"rendered":"<p>[vc_row][vc_column][vc_custom_heading text=&#8221;Vini Cantine Bertelegni: Naturalmente Bio&#8221; font_container=&#8221;tag:h1|text_align:center|color:%23dd3333&#8243; use_theme_fonts=&#8221;yes&#8221;][\/vc_column][vc_column css=&#8221;.vc_custom_1608505200795{background-position: center !important;background-repeat: no-repeat !important;background-size: cover !important;}&#8221;][vc_column_text] BIOLOGICO: UNA SCELTA ETICA, UNO STILE DI VITA. Perch\u00e9 produrre vini &#8220;biologici&#8221; e non &#8220;tradizionali&#8221;? Semplice, perch\u00e9 i nostri vini li beviamo anche noi e siamo fermamente convinti che ci\u00f2 che non c&#8217;\u00e8, non pu\u00f2 nuocere. Se nei terreni, sulle&hellip;<\/p>\n","protected":false},"author":1,"featured_media":0,"parent":0,"menu_order":0,"comment_status":"closed","ping_status":"closed","template":"","meta":[],"_links":{"self":[{"href":"https:\/\/bertelegni.oltrepoacasatua.it\/index.php\/wp-json\/wp\/v2\/pages\/73"}],"collection":[{"href":"https:\/\/bertelegni.oltrepoacasatua.it\/index.php\/wp-json\/wp\/v2\/pages"}],"about":[{"href":"https:\/\/bertelegni.oltrepoacasatua.it\/index.php\/wp-json\/wp\/v2\/types\/page"}],"author":[{"embeddable":true,"href":"https:\/\/bertelegni.oltrepoacasatua.it\/index.php\/wp-json\/wp\/v2\/users\/1"}],"replies":[{"embeddable":true,"href":"https:\/\/bertelegni.oltrepoacasatua.it\/index.php\/wp-json\/wp\/v2\/comments?post=73"}],"version-history":[{"count":46,"href":"https:\/\/bertelegni.oltrepoacasatua.it\/index.php\/wp-json\/wp\/v2\/pages\/73\/revisions"}],"predecessor-version":[{"id":681,"href":"https:\/\/bertelegni.oltrepoacasatua.it\/index.php\/wp-json\/wp\/v2\/pages\/73\/revisions\/681"}],"wp:attachment":[{"href":"https:\/\/bertelegni.oltrepoacasatua.it\/index.php\/wp-json\/wp\/v2\/media?parent=73"}],"curies":[{"name":"wp","href":"https:\/\/api.w.org\/{rel}","templated":true}]}}